{"id":28,"date":"2024-08-03T16:13:55","date_gmt":"2024-08-03T16:13:55","guid":{"rendered":"https:\/\/fabbroprontointerventolombardia.com\/?page_id=28"},"modified":"2024-08-03T16:13:55","modified_gmt":"2024-08-03T16:13:55","slug":"emergenza-fabbro","status":"publish","type":"page","link":"https:\/\/fabbroprontointerventolombardia.com\/?page_id=28","title":{"rendered":"Emergenza Fabbro"},"content":{"rendered":"\n<div class=\"wp-block-group alignfull has-foreground-background-color has-background is-layout-constrained wp-container-core-group-is-layout-d794d2f0 wp-block-group-is-layout-constrained\" style=\"padding-top:0px;padding-right:0px;padding-bottom:0px;padding-left:0px\">\n<div class=\"wp-block-cover alignfull\" style=\"padding-top:var(--wp--preset--spacing--50);padding-right:var(--wp--preset--spacing--40);padding-bottom:var(--wp--preset--spacing--50);padding-left:var(--wp--preset--spacing--40);min-height:566px;aspect-ratio:unset;\"><span aria-hidden=\"true\" class=\"wp-block-cover__background has-black-background-color has-background-dim-60 has-background-dim\"><\/span><img loading=\"lazy\" decoding=\"async\" width=\"1640\" height=\"924\" class=\"wp-block-cover__image-background wp-image-29\" alt=\"\" src=\"https:\/\/fabbroprontointerventolombardia.com\/wp-content\/uploads\/2024\/08\/Progetto-senza-titolo-60.jpg\" data-object-fit=\"cover\" srcset=\"https:\/\/fabbroprontointerventolombardia.com\/wp-content\/uploads\/2024\/08\/Progetto-senza-titolo-60.jpg 1640w, https:\/\/fabbroprontointerventolombardia.com\/wp-content\/uploads\/2024\/08\/Progetto-senza-titolo-60-300x169.jpg 300w, https:\/\/fabbroprontointerventolombardia.com\/wp-content\/uploads\/2024\/08\/Progetto-senza-titolo-60-1024x577.jpg 1024w, https:\/\/fabbroprontointerventolombardia.com\/wp-content\/uploads\/2024\/08\/Progetto-senza-titolo-60-768x433.jpg 768w, https:\/\/fabbroprontointerventolombardia.com\/wp-content\/uploads\/2024\/08\/Progetto-senza-titolo-60-1536x865.jpg 1536w\" sizes=\"auto, (max-width: 1640px) 100vw, 1640px\" \/><div class=\"wp-block-cover__inner-container is-layout-flow wp-block-cover-is-layout-flow\">\n<div class=\"wp-block-group alignwide is-layout-constrained wp-container-core-group-is-layout-b6e7b98c wp-block-group-is-layout-constrained\" style=\"padding-right:0;padding-left:0\">\n<div class=\"wp-block-group alignwide has-background-color has-text-color is-layout-constrained wp-container-core-group-is-layout-e5df9d70 wp-block-group-is-layout-constrained\" style=\"padding-top:40px;padding-bottom:40px\">\n<p class=\"has-text-align-center animated animated-fadeInUp has-primary-color has-text-color has-link-color has-medium-font-size wp-elements-6d1d827bfb3a2f20b9098337bcd809ce\" style=\"font-style:normal;font-weight:600\">Emergenza Fabbro<\/p>\n\n\n\n<h2 class=\"wp-block-heading alignwide has-text-align-center animated animated-fadeInUp has-white-color has-text-color has-gigantic-font-size\" style=\"font-style:normal;font-weight:700\">Pronto Intervento Fabbro Lombardia  <\/h2>\n<\/div>\n\n\n\n<div class=\"wp-block-columns are-vertically-aligned-center is-layout-flex wp-container-core-columns-is-layout-28f84493 wp-block-columns-is-layout-flex\">\n<div class=\"wp-block-column is-vertically-aligned-center is-layout-flow wp-block-column-is-layout-flow\">\n<!DOCTYPE html>\n<html lang=\"it\">\n<head>\n    <meta charset=\"UTF-8\">\n    <meta name=\"viewport\" content=\"width=device-width, initial-scale=1.0\">\n    <title>Link Telefonico<\/title>\n    <style>\n        .phone-link {\n            color: white;\n            font-size: 50px;\n            text-decoration: none; \/* Rimuove la sottolineatura *\/\n        }\n    <\/style>\n<\/head>\n<body style=\"background-color: transparent;\"> <!-- Sfondo trasparente -->\n    <a href=\"tel:+393801438147\" class=\"phone-link\">Chiama 380 143 8147<\/a>\n<\/body>\n<\/html>\n\n<\/div>\n<\/div>\n<\/div>\n<\/div><\/div>\n<\/div>\n\n\n\n<h2 class=\"wp-block-heading has-text-align-center\" style=\"font-size:38px;line-height:1.4\"><strong>Servizio Fabbro Pronto Intervento Lombardia<\/strong><\/h2>\n\n\n\n<p style=\"font-size:18px\"><strong>Pronto Intervento Fabbro: La Soluzione Immediata per Ogni Tua Emergenza<\/strong><\/p>\n\n\n\n<p style=\"font-size:18px\">Sei mai rimasto bloccato fuori casa a causa di una serratura difettosa? Oppure hai mai avuto bisogno di una riparazione urgente di una porta blindata nel cuore della notte? Con il nostro servizio di pronto intervento fabbro, non dovrai mai pi\u00f9 preoccuparti di queste situazioni stressanti. Siamo qui per offrire un&#8217;assistenza rapida, professionale e disponibile 24\/7, garantendo la massima sicurezza e tranquillit\u00e0.<\/p>\n\n\n\n<div class=\"wp-block-columns is-layout-flex wp-container-core-columns-is-layout-28f84493 wp-block-columns-is-layout-flex\">\n<div class=\"wp-block-column is-layout-flow wp-block-column-is-layout-flow\">\n<p style=\"font-size:18px\"><strong>Riparazione e Sostituzione Serrature<\/strong>: Se hai subito un tentativo di effrazione o semplicemente una serratura difettosa, interveniamo rapidamente per riparare o sostituire la serratura con modelli di alta sicurezza.<\/p>\n\n\n\n<p><strong>Installazione Serrature di Sicurezza<\/strong>: Per proteggere la tua casa o il tuo ufficio, installiamo serrature di ultima generazione, inclusi sistemi anti-scasso e anti-bumping, per garantire la massima protezione contro i furti.<\/p>\n\n\n\n<p style=\"font-size:18px\"><strong>Assistenza per Porte Blindate<\/strong>: Interveniamo su qualsiasi problema relativo alle porte blindate, dalle riparazioni alle sostituzioni, assicurando la tua sicurezza in ogni momento<\/p>\n<\/div>\n\n\n\n<div class=\"wp-block-column is-layout-flow wp-block-column-is-layout-flow\">\n<p style=\"font-size:18px\">Offriamo una gamma completa di servizi di pronto intervento fabbro, tra cui:<\/p>\n\n\n\n<p style=\"font-size:18px\"><strong>Interventi su Serrande e Tapparelle<\/strong>: Se hai problemi con serrande o tapparelle bloccate, i nostri tecnici qualificati possono risolvere rapidamente il problema, ripristinando la funzionalit\u00e0 e la sicurezza del tuo spazio.<\/p>\n\n\n\n<p><strong>Apertura Porte Bloccate<\/strong>: Che si tratti di porte blindate, porte interne o garage, i nostri fabbri esperti sono in grado di aprire qualsiasi tipo di serratura senza danneggiare la tua propriet\u00e0.<\/p>\n\n\n\n<p>.<\/p>\n<\/div>\n<\/div>\n\n\n\n<h2 class=\"wp-block-heading has-text-align-center\">Non lasciare che una serratura difettosa o una porta bloccata rovini la tua giornata. Affidati ai professionisti del pronto intervento fabbro per una soluzione rapida, efficace e sicura.<\/h2>\n\n\n\n<div class=\"wp-block-cover\" style=\"min-height:405px;aspect-ratio:unset;\"><span aria-hidden=\"true\" class=\"wp-block-cover__background has-background-background-color has-background-dim-40 has-background-dim\"><\/span><img loading=\"lazy\" decoding=\"async\" width=\"1640\" height=\"924\" class=\"wp-block-cover__image-background wp-image-30\" alt=\"\" src=\"https:\/\/fabbroprontointerventolombardia.com\/wp-content\/uploads\/2024\/08\/Progetto-senza-titolo-61.jpg\" data-object-fit=\"cover\" srcset=\"https:\/\/fabbroprontointerventolombardia.com\/wp-content\/uploads\/2024\/08\/Progetto-senza-titolo-61.jpg 1640w, https:\/\/fabbroprontointerventolombardia.com\/wp-content\/uploads\/2024\/08\/Progetto-senza-titolo-61-300x169.jpg 300w, https:\/\/fabbroprontointerventolombardia.com\/wp-content\/uploads\/2024\/08\/Progetto-senza-titolo-61-1024x577.jpg 1024w, https:\/\/fabbroprontointerventolombardia.com\/wp-content\/uploads\/2024\/08\/Progetto-senza-titolo-61-768x433.jpg 768w, https:\/\/fabbroprontointerventolombardia.com\/wp-content\/uploads\/2024\/08\/Progetto-senza-titolo-61-1536x865.jpg 1536w\" sizes=\"auto, (max-width: 1640px) 100vw, 1640px\" \/><div class=\"wp-block-cover__inner-container is-layout-flow wp-block-cover-is-layout-flow\">\n<div class=\"wp-block-group alignwide is-layout-constrained wp-block-group-is-layout-constrained\"><h1 class=\"has-text-align-center alignwide wp-block-post-title has-text-color has-foreground-color has-large-font-size\">Emergenza Fabbro<\/h1><\/div>\n\n\n\n<div class=\"wp-block-columns is-layout-flex wp-container-core-columns-is-layout-28f84493 wp-block-columns-is-layout-flex\">\n<div class=\"wp-block-column is-layout-flow wp-block-column-is-layout-flow\" style=\"flex-basis:25%\"><\/div>\n\n\n\n<div class=\"wp-block-column is-layout-flow wp-block-column-is-layout-flow\" style=\"flex-basis:50%\"><\/div>\n\n\n\n<div class=\"wp-block-column is-layout-flow wp-block-column-is-layout-flow\" style=\"flex-basis:25%\"><\/div>\n<\/div>\n<\/div><\/div>\n\n\n\n<p>Quando si tratta di emergenze legate a serrature e porte, il nostro servizio di pronto intervento fabbro \u00e8 la scelta ideale per garantire la tua sicurezza e tranquillit\u00e0. Con la nostra disponibilit\u00e0 24\/7, la rapidit\u00e0 di intervento e la professionalit\u00e0 del nostro team, siamo sempre pronti a rispondere a ogni tua chiamata e a risolvere qualsiasi problema in tempi record. Non esitare a contattarci per un servizio di fabbro di alta qualit\u00e0 e affidabilit\u00e0.<\/p>\n","protected":false},"excerpt":{"rendered":"<p>Servizio Fabbro Pronto Intervento Lombardia Pronto Intervento Fabbro: La Soluzione Immediata per Ogni Tua Emergenza [&hellip;]<\/p>\n","protected":false},"author":1,"featured_media":0,"parent":0,"menu_order":0,"comment_status":"closed","ping_status":"closed","template":"","meta":{"footnotes":""},"class_list":["post-28","page","type-page","status-publish","hentry"],"_links":{"self":[{"href":"https:\/\/fabbroprontointerventolombardia.com\/index.php?rest_route=\/wp\/v2\/pages\/28","targetHints":{"allow":["GET"]}}],"collection":[{"href":"https:\/\/fabbroprontointerventolombardia.com\/index.php?rest_route=\/wp\/v2\/pages"}],"about":[{"href":"https:\/\/fabbroprontointerventolombardia.com\/index.php?rest_route=\/wp\/v2\/types\/page"}],"author":[{"embeddable":true,"href":"https:\/\/fabbroprontointerventolombardia.com\/index.php?rest_route=\/wp\/v2\/users\/1"}],"replies":[{"embeddable":true,"href":"https:\/\/fabbroprontointerventolombardia.com\/index.php?rest_route=%2Fwp%2Fv2%2Fcomments&post=28"}],"version-history":[{"count":1,"href":"https:\/\/fabbroprontointerventolombardia.com\/index.php?rest_route=\/wp\/v2\/pages\/28\/revisions"}],"predecessor-version":[{"id":31,"href":"https:\/\/fabbroprontointerventolombardia.com\/index.php?rest_route=\/wp\/v2\/pages\/28\/revisions\/31"}],"wp:attachment":[{"href":"https:\/\/fabbroprontointerventolombardia.com\/index.php?rest_route=%2Fwp%2Fv2%2Fmedia&parent=28"}],"curies":[{"name":"wp","href":"https:\/\/api.w.org\/{rel}","templated":true}]}}